{"id":8304,"date":"2013-06-07T11:35:18","date_gmt":"2013-06-07T11:35:18","guid":{"rendered":"http:\/\/demo2.woothemes.com\/woocommerce\/?post_type=product&amp;p=90"},"modified":"2023-11-12T17:58:47","modified_gmt":"2023-11-12T17:58:47","slug":"woo-album-3","status":"publish","type":"product","link":"https:\/\/acadia.com.tr\/index.php\/product\/woo-album-3\/","title":{"rendered":"The Innovator&#8217;s Dilemma"},"content":{"rendered":"<p>Pellentesque habitant morbi tristique senectus et netus et malesuada fames ac turpis egestas. Vestibulum tortor quam, feugiat vitae, ultricies eget, tempor sit amet, ante. Donec eu libero sit amet quam egestas semper. Aenean ultricies mi vitae est. Mauris placerat eleifend leo.<\/p>\n","protected":false},"excerpt":{"rendered":"<p>Pellentesque habitant morbi tristique senectus et netus et malesuada fames ac turpis egestas. Vestibulum tortor quam, feugiat vitae, ultricies eget, tempor sit amet, ante. Donec eu libero sit amet quam egestas semper. Aenean ultricies mi vitae est. Mauris placerat eleifend leo.<\/p>\n","protected":false},"featured_media":4974,"comment_status":"open","ping_status":"closed","template":"","meta":{"pmpro_default_level":"","rs_blank_template":"","rs_page_bg_color":"","slide_template_v7":""},"product_brand":[],"product_cat":[110,77],"product_tag":[],"class_list":{"0":"post-8304","1":"product","2":"type-product","3":"status-publish","4":"has-post-thumbnail","6":"product_cat-albums","7":"product_cat-music","8":"pmpro-has-access","10":"first","11":"instock","12":"downloadable","13":"shipping-taxable","14":"purchasable","15":"product-type-simple"},"yoast_head":"<!-- This site is optimized with the Yoast SEO Premium plugin v26.9 (Yoast SEO v27.5) - https:\/\/yoast.com\/product\/yoast-seo-premium-wordpress\/ -->\n<title>The Innovator&#039;s Dilemma - acadia ACAD\u0130A Acadia acadia ACADIA ACADIA COM TR ALAN ADI SATILIK F\u0130YATI : 10 BITCOIN = 10 BTC = 36.000.000TL + %20 KDV = 43.200.000 TL 05519715791 gokhan ege GOKHAN EGE info@gokhanege.com.tr www.acadia.com.tr info@magenta-giraffe-597569.hostingersite.com AKADEM\u0130 OKUL KURS DERHANE ONL\u0130NE DERS UZAKTAN E\u011e\u0130T\u0130M GLOBAL E\u011e\u0130T\u0130M D\u0130J\u0130TAL E\u011e\u0130T\u0130M YURT DI\u015eI E\u011e\u0130T\u0130M<\/title>\n<meta name=\"robots\" content=\"index, follow, max-snippet:-1, max-image-preview:large, max-video-preview:-1\" \/>\n<link rel=\"canonical\" href=\"https:\/\/magenta-giraffe-597569.hostingersite.com\/index.php\/product\/woo-album-3\/\" \/>\n<meta property=\"og:locale\" content=\"en_US\" \/>\n<meta property=\"og:type\" content=\"article\" \/>\n<meta property=\"og:title\" content=\"The Innovator&#039;s Dilemma\" \/>\n<meta property=\"og:description\" content=\"Pellentesque habitant morbi tristique senectus et netus et malesuada fames ac turpis egestas. Vestibulum tortor quam, feugiat vitae, ultricies eget, tempor sit amet, ante. Donec eu libero sit amet quam egestas semper. Aenean ultricies mi vitae est. Mauris placerat eleifend leo.\" \/>\n<meta property=\"og:url\" content=\"https:\/\/magenta-giraffe-597569.hostingersite.com\/index.php\/product\/woo-album-3\/\" \/>\n<meta property=\"og:site_name\" content=\"acadia ACAD\u0130A Acadia acadia ACADIA ACADIA COM TR ALAN ADI SATILIK F\u0130YATI : 10 BITCOIN = 10 BTC = 36.000.000TL + %20 KDV = 43.200.000 TL 05519715791 gokhan ege GOKHAN EGE info@gokhanege.com.tr www.acadia.com.tr info@magenta-giraffe-597569.hostingersite.com AKADEM\u0130 OKUL KURS DERHANE ONL\u0130NE DERS UZAKTAN E\u011e\u0130T\u0130M GLOBAL E\u011e\u0130T\u0130M D\u0130J\u0130TAL E\u011e\u0130T\u0130M YURT DI\u015eI E\u011e\u0130T\u0130M\" \/>\n<meta property=\"article:modified_time\" content=\"2023-11-12T17:58:47+00:00\" \/>\n<meta name=\"twitter:card\" content=\"summary_large_image\" \/>\n<script type=\"application\/ld+json\" class=\"yoast-schema-graph\">{\"@context\":\"https:\\\/\\\/schema.org\",\"@graph\":[{\"@type\":\"WebPage\",\"@id\":\"https:\\\/\\\/magenta-giraffe-597569.hostingersite.com\\\/index.php\\\/product\\\/woo-album-3\\\/\",\"url\":\"https:\\\/\\\/magenta-giraffe-597569.hostingersite.com\\\/index.php\\\/product\\\/woo-album-3\\\/\",\"name\":\"The Innovator's Dilemma - acadia ACAD\u0130A Acadia acadia ACADIA ACADIA COM TR ALAN ADI SATILIK F\u0130YATI : 10 BITCOIN = 10 BTC = 36.000.000TL + %20 KDV = 43.200.000 TL 05519715791 gokhan ege GOKHAN EGE info@gokhanege.com.tr www.acadia.com.tr info@magenta-giraffe-597569.hostingersite.com AKADEM\u0130 OKUL KURS DERHANE ONL\u0130NE DERS UZAKTAN E\u011e\u0130T\u0130M GLOBAL E\u011e\u0130T\u0130M D\u0130J\u0130TAL E\u011e\u0130T\u0130M YURT DI\u015eI E\u011e\u0130T\u0130M\",\"isPartOf\":{\"@id\":\"https:\\\/\\\/magenta-giraffe-597569.hostingersite.com\\\/#website\"},\"primaryImageOfPage\":{\"@id\":\"https:\\\/\\\/magenta-giraffe-597569.hostingersite.com\\\/index.php\\\/product\\\/woo-album-3\\\/#primaryimage\"},\"image\":{\"@id\":\"https:\\\/\\\/magenta-giraffe-597569.hostingersite.com\\\/index.php\\\/product\\\/woo-album-3\\\/#primaryimage\"},\"thumbnailUrl\":\"\",\"datePublished\":\"2013-06-07T11:35:18+00:00\",\"dateModified\":\"2023-11-12T17:58:47+00:00\",\"breadcrumb\":{\"@id\":\"https:\\\/\\\/magenta-giraffe-597569.hostingersite.com\\\/index.php\\\/product\\\/woo-album-3\\\/#breadcrumb\"},\"inLanguage\":\"en-US\",\"potentialAction\":[{\"@type\":\"ReadAction\",\"target\":[\"https:\\\/\\\/magenta-giraffe-597569.hostingersite.com\\\/index.php\\\/product\\\/woo-album-3\\\/\"]}]},{\"@type\":\"ImageObject\",\"inLanguage\":\"en-US\",\"@id\":\"https:\\\/\\\/magenta-giraffe-597569.hostingersite.com\\\/index.php\\\/product\\\/woo-album-3\\\/#primaryimage\",\"url\":\"\",\"contentUrl\":\"\"},{\"@type\":\"BreadcrumbList\",\"@id\":\"https:\\\/\\\/magenta-giraffe-597569.hostingersite.com\\\/index.php\\\/product\\\/woo-album-3\\\/#breadcrumb\",\"itemListElement\":[{\"@type\":\"ListItem\",\"position\":1,\"name\":\"Anasayfa\",\"item\":\"https:\\\/\\\/magenta-giraffe-597569.hostingersite.com\\\/\"},{\"@type\":\"ListItem\",\"position\":2,\"name\":\"Shop\",\"item\":\"https:\\\/\\\/magenta-giraffe-597569.hostingersite.com\\\/index.php\\\/shop-2\\\/\"},{\"@type\":\"ListItem\",\"position\":3,\"name\":\"The Innovator&#8217;s Dilemma\"}]},{\"@type\":\"WebSite\",\"@id\":\"https:\\\/\\\/magenta-giraffe-597569.hostingersite.com\\\/#website\",\"url\":\"https:\\\/\\\/magenta-giraffe-597569.hostingersite.com\\\/\",\"name\":\"acadia ACAD\u0130A Acadia acadia ACADIA ACADIA COM TR ALAN ADI SATILIKTIR SATILIKTIR FIYATI : 2.100.000TL + KDV = 2.520.000 TL 05519715791 gokhan ege GOKHAN EGE info@gokhanege.com.tr www.acadia.com.tr info@magenta-giraffe-597569.hostingersite.com AKADEM\u0130 OKUL KURS DERHANE ONL\u0130NE DERS UZAKTAN E\u011e\u0130T\u0130M GLOBAL E\u011e\u0130T\u0130M D\u0130J\u0130TAL E\u011e\u0130T\u0130M YURT DI\u015eI E\u011e\u0130T\u0130M\",\"description\":\"acadia ACAD\u0130A Acadia  acadia ACADIA ACADIA COM TR ALAN ADI SATILIK F\u0130YATI : 10 BITCOIN = 10 BTC = 36.000.000TL + %20 KDV = 43.200.000 TL   05519715791 gokhan ege GOKHAN EGE  info@gokhanege.com.tr www.acadia.com.tr info@magenta-giraffe-597569.hostingersite.com AKADEM\u0130 OKUL KURS DERHANE ONL\u0130NE DERS  UZAKTAN E\u011e\u0130T\u0130M GLOBAL E\u011e\u0130T\u0130M D\u0130J\u0130TAL E\u011e\u0130T\u0130M  YURT DI\u015eI E\u011e\u0130T\u0130M\",\"publisher\":{\"@id\":\"https:\\\/\\\/magenta-giraffe-597569.hostingersite.com\\\/#organization\"},\"potentialAction\":[{\"@type\":\"SearchAction\",\"target\":{\"@type\":\"EntryPoint\",\"urlTemplate\":\"https:\\\/\\\/magenta-giraffe-597569.hostingersite.com\\\/?s={search_term_string}\"},\"query-input\":{\"@type\":\"PropertyValueSpecification\",\"valueRequired\":true,\"valueName\":\"search_term_string\"}}],\"inLanguage\":\"en-US\"},{\"@type\":\"Organization\",\"@id\":\"https:\\\/\\\/magenta-giraffe-597569.hostingersite.com\\\/#organization\",\"name\":\"acadia ACAD\u0130A Acadia acadia ACADIA ACADIA COM TR ALAN ADI SATILIKTIR SATILIKTIR FIYATI : 2.100.000TL + KDV = 2.520.000 TL 05519715791 gokhan ege GOKHAN EGE info@gokhanege.com.tr www.acadia.com.tr info@magenta-giraffe-597569.hostingersite.com AKADEM\u0130 OKUL KURS DERHANE ONL\u0130NE DERS UZAKTAN E\u011e\u0130T\u0130M GLOBAL E\u011e\u0130T\u0130M D\u0130J\u0130TAL E\u011e\u0130T\u0130M YURT DI\u015eI E\u011e\u0130T\u0130M\",\"url\":\"https:\\\/\\\/magenta-giraffe-597569.hostingersite.com\\\/\",\"logo\":{\"@type\":\"ImageObject\",\"inLanguage\":\"en-US\",\"@id\":\"https:\\\/\\\/magenta-giraffe-597569.hostingersite.com\\\/#\\\/schema\\\/logo\\\/image\\\/\",\"url\":\"https:\\\/\\\/acadia.com.tr\\\/wp-content\\\/uploads\\\/2015\\\/07\\\/Fotolia_70423620_Subscription_Monthly_M-667x999-1.jpg\",\"contentUrl\":\"https:\\\/\\\/acadia.com.tr\\\/wp-content\\\/uploads\\\/2015\\\/07\\\/Fotolia_70423620_Subscription_Monthly_M-667x999-1.jpg\",\"width\":667,\"height\":999,\"caption\":\"acadia ACAD\u0130A Acadia acadia ACADIA ACADIA COM TR ALAN ADI SATILIKTIR SATILIKTIR FIYATI : 2.100.000TL + KDV = 2.520.000 TL 05519715791 gokhan ege GOKHAN EGE info@gokhanege.com.tr www.acadia.com.tr info@magenta-giraffe-597569.hostingersite.com AKADEM\u0130 OKUL KURS DERHANE ONL\u0130NE DERS UZAKTAN E\u011e\u0130T\u0130M GLOBAL E\u011e\u0130T\u0130M D\u0130J\u0130TAL E\u011e\u0130T\u0130M YURT DI\u015eI E\u011e\u0130T\u0130M\"},\"image\":{\"@id\":\"https:\\\/\\\/magenta-giraffe-597569.hostingersite.com\\\/#\\\/schema\\\/logo\\\/image\\\/\"}}]}<\/script>\n<!-- \/ Yoast SEO Premium plugin. -->","yoast_head_json":{"title":"The Innovator's Dilemma - acadia ACAD\u0130A Acadia acadia ACADIA ACADIA COM TR ALAN ADI SATILIK F\u0130YATI : 10 BITCOIN = 10 BTC = 36.000.000TL + %20 KDV = 43.200.000 TL 05519715791 gokhan ege GOKHAN EGE info@gokhanege.com.tr www.acadia.com.tr info@magenta-giraffe-597569.hostingersite.com AKADEM\u0130 OKUL KURS DERHANE ONL\u0130NE DERS UZAKTAN E\u011e\u0130T\u0130M GLOBAL E\u011e\u0130T\u0130M D\u0130J\u0130TAL E\u011e\u0130T\u0130M YURT DI\u015eI E\u011e\u0130T\u0130M","robots":{"index":"index","follow":"follow","max-snippet":"max-snippet:-1","max-image-preview":"max-image-preview:large","max-video-preview":"max-video-preview:-1"},"canonical":"https:\/\/magenta-giraffe-597569.hostingersite.com\/index.php\/product\/woo-album-3\/","og_locale":"en_US","og_type":"article","og_title":"The Innovator's Dilemma","og_description":"Pellentesque habitant morbi tristique senectus et netus et malesuada fames ac turpis egestas. Vestibulum tortor quam, feugiat vitae, ultricies eget, tempor sit amet, ante. Donec eu libero sit amet quam egestas semper. Aenean ultricies mi vitae est. Mauris placerat eleifend leo.","og_url":"https:\/\/magenta-giraffe-597569.hostingersite.com\/index.php\/product\/woo-album-3\/","og_site_name":"acadia ACAD\u0130A Acadia acadia ACADIA ACADIA COM TR ALAN ADI SATILIK F\u0130YATI : 10 BITCOIN = 10 BTC = 36.000.000TL + %20 KDV = 43.200.000 TL 05519715791 gokhan ege GOKHAN EGE info@gokhanege.com.tr www.acadia.com.tr info@magenta-giraffe-597569.hostingersite.com AKADEM\u0130 OKUL KURS DERHANE ONL\u0130NE DERS UZAKTAN E\u011e\u0130T\u0130M GLOBAL E\u011e\u0130T\u0130M D\u0130J\u0130TAL E\u011e\u0130T\u0130M YURT DI\u015eI E\u011e\u0130T\u0130M","article_modified_time":"2023-11-12T17:58:47+00:00","twitter_card":"summary_large_image","schema":{"@context":"https:\/\/schema.org","@graph":[{"@type":"WebPage","@id":"https:\/\/magenta-giraffe-597569.hostingersite.com\/index.php\/product\/woo-album-3\/","url":"https:\/\/magenta-giraffe-597569.hostingersite.com\/index.php\/product\/woo-album-3\/","name":"The Innovator's Dilemma - acadia ACAD\u0130A Acadia acadia ACADIA ACADIA COM TR ALAN ADI SATILIK F\u0130YATI : 10 BITCOIN = 10 BTC = 36.000.000TL + %20 KDV = 43.200.000 TL 05519715791 gokhan ege GOKHAN EGE info@gokhanege.com.tr www.acadia.com.tr info@magenta-giraffe-597569.hostingersite.com AKADEM\u0130 OKUL KURS DERHANE ONL\u0130NE DERS UZAKTAN E\u011e\u0130T\u0130M GLOBAL E\u011e\u0130T\u0130M D\u0130J\u0130TAL E\u011e\u0130T\u0130M YURT DI\u015eI E\u011e\u0130T\u0130M","isPartOf":{"@id":"https:\/\/magenta-giraffe-597569.hostingersite.com\/#website"},"primaryImageOfPage":{"@id":"https:\/\/magenta-giraffe-597569.hostingersite.com\/index.php\/product\/woo-album-3\/#primaryimage"},"image":{"@id":"https:\/\/magenta-giraffe-597569.hostingersite.com\/index.php\/product\/woo-album-3\/#primaryimage"},"thumbnailUrl":"","datePublished":"2013-06-07T11:35:18+00:00","dateModified":"2023-11-12T17:58:47+00:00","breadcrumb":{"@id":"https:\/\/magenta-giraffe-597569.hostingersite.com\/index.php\/product\/woo-album-3\/#breadcrumb"},"inLanguage":"en-US","potentialAction":[{"@type":"ReadAction","target":["https:\/\/magenta-giraffe-597569.hostingersite.com\/index.php\/product\/woo-album-3\/"]}]},{"@type":"ImageObject","inLanguage":"en-US","@id":"https:\/\/magenta-giraffe-597569.hostingersite.com\/index.php\/product\/woo-album-3\/#primaryimage","url":"","contentUrl":""},{"@type":"BreadcrumbList","@id":"https:\/\/magenta-giraffe-597569.hostingersite.com\/index.php\/product\/woo-album-3\/#breadcrumb","itemListElement":[{"@type":"ListItem","position":1,"name":"Anasayfa","item":"https:\/\/magenta-giraffe-597569.hostingersite.com\/"},{"@type":"ListItem","position":2,"name":"Shop","item":"https:\/\/magenta-giraffe-597569.hostingersite.com\/index.php\/shop-2\/"},{"@type":"ListItem","position":3,"name":"The Innovator&#8217;s Dilemma"}]},{"@type":"WebSite","@id":"https:\/\/magenta-giraffe-597569.hostingersite.com\/#website","url":"https:\/\/magenta-giraffe-597569.hostingersite.com\/","name":"acadia ACAD\u0130A Acadia acadia ACADIA ACADIA COM TR ALAN ADI SATILIKTIR SATILIKTIR FIYATI : 2.100.000TL + KDV = 2.520.000 TL 05519715791 gokhan ege GOKHAN EGE info@gokhanege.com.tr www.acadia.com.tr info@magenta-giraffe-597569.hostingersite.com AKADEM\u0130 OKUL KURS DERHANE ONL\u0130NE DERS UZAKTAN E\u011e\u0130T\u0130M GLOBAL E\u011e\u0130T\u0130M D\u0130J\u0130TAL E\u011e\u0130T\u0130M YURT DI\u015eI E\u011e\u0130T\u0130M","description":"acadia ACAD\u0130A Acadia  acadia ACADIA ACADIA COM TR ALAN ADI SATILIK F\u0130YATI : 10 BITCOIN = 10 BTC = 36.000.000TL + %20 KDV = 43.200.000 TL   05519715791 gokhan ege GOKHAN EGE  info@gokhanege.com.tr www.acadia.com.tr info@magenta-giraffe-597569.hostingersite.com AKADEM\u0130 OKUL KURS DERHANE ONL\u0130NE DERS  UZAKTAN E\u011e\u0130T\u0130M GLOBAL E\u011e\u0130T\u0130M D\u0130J\u0130TAL E\u011e\u0130T\u0130M  YURT DI\u015eI E\u011e\u0130T\u0130M","publisher":{"@id":"https:\/\/magenta-giraffe-597569.hostingersite.com\/#organization"},"potentialAction":[{"@type":"SearchAction","target":{"@type":"EntryPoint","urlTemplate":"https:\/\/magenta-giraffe-597569.hostingersite.com\/?s={search_term_string}"},"query-input":{"@type":"PropertyValueSpecification","valueRequired":true,"valueName":"search_term_string"}}],"inLanguage":"en-US"},{"@type":"Organization","@id":"https:\/\/magenta-giraffe-597569.hostingersite.com\/#organization","name":"acadia ACAD\u0130A Acadia acadia ACADIA ACADIA COM TR ALAN ADI SATILIKTIR SATILIKTIR FIYATI : 2.100.000TL + KDV = 2.520.000 TL 05519715791 gokhan ege GOKHAN EGE info@gokhanege.com.tr www.acadia.com.tr info@magenta-giraffe-597569.hostingersite.com AKADEM\u0130 OKUL KURS DERHANE ONL\u0130NE DERS UZAKTAN E\u011e\u0130T\u0130M GLOBAL E\u011e\u0130T\u0130M D\u0130J\u0130TAL E\u011e\u0130T\u0130M YURT DI\u015eI E\u011e\u0130T\u0130M","url":"https:\/\/magenta-giraffe-597569.hostingersite.com\/","logo":{"@type":"ImageObject","inLanguage":"en-US","@id":"https:\/\/magenta-giraffe-597569.hostingersite.com\/#\/schema\/logo\/image\/","url":"https:\/\/acadia.com.tr\/wp-content\/uploads\/2015\/07\/Fotolia_70423620_Subscription_Monthly_M-667x999-1.jpg","contentUrl":"https:\/\/acadia.com.tr\/wp-content\/uploads\/2015\/07\/Fotolia_70423620_Subscription_Monthly_M-667x999-1.jpg","width":667,"height":999,"caption":"acadia ACAD\u0130A Acadia acadia ACADIA ACADIA COM TR ALAN ADI SATILIKTIR SATILIKTIR FIYATI : 2.100.000TL + KDV = 2.520.000 TL 05519715791 gokhan ege GOKHAN EGE info@gokhanege.com.tr www.acadia.com.tr info@magenta-giraffe-597569.hostingersite.com AKADEM\u0130 OKUL KURS DERHANE ONL\u0130NE DERS UZAKTAN E\u011e\u0130T\u0130M GLOBAL E\u011e\u0130T\u0130M D\u0130J\u0130TAL E\u011e\u0130T\u0130M YURT DI\u015eI E\u011e\u0130T\u0130M"},"image":{"@id":"https:\/\/magenta-giraffe-597569.hostingersite.com\/#\/schema\/logo\/image\/"}}]}},"_links":{"self":[{"href":"https:\/\/acadia.com.tr\/index.php\/wp-json\/wp\/v2\/product\/8304","targetHints":{"allow":["GET"]}}],"collection":[{"href":"https:\/\/acadia.com.tr\/index.php\/wp-json\/wp\/v2\/product"}],"about":[{"href":"https:\/\/acadia.com.tr\/index.php\/wp-json\/wp\/v2\/types\/product"}],"replies":[{"embeddable":true,"href":"https:\/\/acadia.com.tr\/index.php\/wp-json\/wp\/v2\/comments?post=8304"}],"version-history":[{"count":0,"href":"https:\/\/acadia.com.tr\/index.php\/wp-json\/wp\/v2\/product\/8304\/revisions"}],"wp:featuredmedia":[{"embeddable":true,"href":"https:\/\/acadia.com.tr\/index.php\/wp-json\/"}],"wp:attachment":[{"href":"https:\/\/acadia.com.tr\/index.php\/wp-json\/wp\/v2\/media?parent=8304"}],"wp:term":[{"taxonomy":"product_brand","embeddable":true,"href":"https:\/\/acadia.com.tr\/index.php\/wp-json\/wp\/v2\/product_brand?post=8304"},{"taxonomy":"product_cat","embeddable":true,"href":"https:\/\/acadia.com.tr\/index.php\/wp-json\/wp\/v2\/product_cat?post=8304"},{"taxonomy":"product_tag","embeddable":true,"href":"https:\/\/acadia.com.tr\/index.php\/wp-json\/wp\/v2\/product_tag?post=8304"}],"curies":[{"name":"wp","href":"https:\/\/api.w.org\/{rel}","templated":true}]}}